{"id":901,"date":"2024-09-05T18:45:56","date_gmt":"2024-09-05T18:45:56","guid":{"rendered":"https:\/\/terramagi.ca\/?post_type=product&#038;p=901"},"modified":"2025-02-27T18:54:13","modified_gmt":"2025-02-27T18:54:13","slug":"kit-energia-enfoque-e-inmunidad-8-frascos","status":"publish","type":"product","link":"https:\/\/terramagi.ca\/en\/product\/kit-energia-enfoque-e-inmunidad-8-frascos\/","title":{"rendered":"Kit Energ\u00eda Enfoque e Inmunidad &#8211; 8 Frascos"},"content":{"rendered":"<p>Este kit contiene 8 frascos, incluye los 2 kits que tenemos de 4 frascos.<\/p>\n<ul>\n<li>Energ\u00eda y Enfoque<\/li>\n<li>Inmunidad<\/li>\n<\/ul>","protected":false},"excerpt":{"rendered":"<p>Este kit contiene 8 frascos, incluye los 2 kits que tenemos de 4 frascos. Energ\u00eda y Enfoque Inmunidad<\/p>","protected":false},"featured_media":902,"comment_status":"open","ping_status":"closed","template":"","meta":[],"product_brand":[],"product_cat":[35,40],"product_tag":[43],"class_list":{"0":"post-901","1":"product","2":"type-product","3":"status-publish","4":"has-post-thumbnail","6":"product_cat-hongos","7":"product_cat-raiz","8":"product_tag-kit","10":"first","11":"instock","12":"sale","13":"shipping-taxable","14":"purchasable","15":"product-type-simple"},"yoast_head":"<!-- This site is optimized with the Yoast SEO plugin v24.5 - https:\/\/yoast.com\/wordpress\/plugins\/seo\/ -->\n<title>Kit Energ\u00eda Enfoque e Inmunidad - 8 Frascos - Terra M\u00e1gica<\/title>\n<meta name=\"robots\" content=\"index, follow, max-snippet:-1, max-image-preview:large, max-video-preview:-1\" \/>\n<link rel=\"canonical\" href=\"https:\/\/terramagi.ca\/en\/product\/kit-energia-enfoque-e-inmunidad-8-frascos\/\" \/>\n<meta property=\"og:locale\" content=\"en_US\" \/>\n<meta property=\"og:type\" content=\"article\" \/>\n<meta property=\"og:title\" content=\"Kit Energ\u00eda Enfoque e Inmunidad - 8 Frascos - Terra M\u00e1gica\" \/>\n<meta property=\"og:description\" content=\"Este kit contiene 8 frascos, incluye los 2 kits que tenemos de 4 frascos. Energ\u00eda y Enfoque Inmunidad\" \/>\n<meta property=\"og:url\" content=\"https:\/\/terramagi.ca\/en\/product\/kit-energia-enfoque-e-inmunidad-8-frascos\/\" \/>\n<meta property=\"og:site_name\" content=\"Terra M\u00e1gica\" \/>\n<meta property=\"article:publisher\" content=\"https:\/\/www.facebook.com\/organikway\" \/>\n<meta property=\"article:modified_time\" content=\"2025-02-27T18:54:13+00:00\" \/>\n<meta property=\"og:image\" content=\"https:\/\/terramagi.ca\/wp-content\/uploads\/2024\/09\/kit8-1024x813.png\" \/>\n\t<meta property=\"og:image:width\" content=\"1024\" \/>\n\t<meta property=\"og:image:height\" content=\"813\" \/>\n\t<meta property=\"og:image:type\" content=\"image\/png\" \/>\n<meta name=\"twitter:card\" content=\"summary_large_image\" \/>\n<meta name=\"twitter:label1\" content=\"Est. reading time\" \/>\n\t<meta name=\"twitter:data1\" content=\"1 minute\" \/>\n<script type=\"application\/ld+json\" class=\"yoast-schema-graph\">{\"@context\":\"https:\/\/schema.org\",\"@graph\":[{\"@type\":\"WebPage\",\"@id\":\"https:\/\/terramagi.ca\/producto\/kit-energia-enfoque-e-inmunidad-8-frascos\/\",\"url\":\"https:\/\/terramagi.ca\/producto\/kit-energia-enfoque-e-inmunidad-8-frascos\/\",\"name\":\"Kit Energ\u00eda Enfoque e Inmunidad - 8 Frascos - Terra M\u00e1gica\",\"isPartOf\":{\"@id\":\"https:\/\/terramagi.ca\/#website\"},\"primaryImageOfPage\":{\"@id\":\"https:\/\/terramagi.ca\/producto\/kit-energia-enfoque-e-inmunidad-8-frascos\/#primaryimage\"},\"image\":{\"@id\":\"https:\/\/terramagi.ca\/producto\/kit-energia-enfoque-e-inmunidad-8-frascos\/#primaryimage\"},\"thumbnailUrl\":\"https:\/\/terramagi.ca\/wp-content\/uploads\/2024\/09\/kit8.png\",\"datePublished\":\"2024-09-05T18:45:56+00:00\",\"dateModified\":\"2025-02-27T18:54:13+00:00\",\"breadcrumb\":{\"@id\":\"https:\/\/terramagi.ca\/producto\/kit-energia-enfoque-e-inmunidad-8-frascos\/#breadcrumb\"},\"inLanguage\":\"en-US\",\"potentialAction\":[{\"@type\":\"ReadAction\",\"target\":[\"https:\/\/terramagi.ca\/producto\/kit-energia-enfoque-e-inmunidad-8-frascos\/\"]}]},{\"@type\":\"ImageObject\",\"inLanguage\":\"en-US\",\"@id\":\"https:\/\/terramagi.ca\/producto\/kit-energia-enfoque-e-inmunidad-8-frascos\/#primaryimage\",\"url\":\"https:\/\/terramagi.ca\/wp-content\/uploads\/2024\/09\/kit8.png\",\"contentUrl\":\"https:\/\/terramagi.ca\/wp-content\/uploads\/2024\/09\/kit8.png\",\"width\":1570,\"height\":1247},{\"@type\":\"BreadcrumbList\",\"@id\":\"https:\/\/terramagi.ca\/producto\/kit-energia-enfoque-e-inmunidad-8-frascos\/#breadcrumb\",\"itemListElement\":[{\"@type\":\"ListItem\",\"position\":1,\"name\":\"Inicio\",\"item\":\"https:\/\/terramagi.ca\/\"},{\"@type\":\"ListItem\",\"position\":2,\"name\":\"Tienda\",\"item\":\"https:\/\/terramagi.ca\/tienda\/\"},{\"@type\":\"ListItem\",\"position\":3,\"name\":\"Kit Energ\u00eda Enfoque e Inmunidad &#8211; 8 Frascos\"}]},{\"@type\":\"WebSite\",\"@id\":\"https:\/\/terramagi.ca\/#website\",\"url\":\"https:\/\/terramagi.ca\/\",\"name\":\"Terra M\u00e1gica\",\"description\":\"Hongos, Microgreens y Minerales\",\"publisher\":{\"@id\":\"https:\/\/terramagi.ca\/#organization\"},\"potentialAction\":[{\"@type\":\"SearchAction\",\"target\":{\"@type\":\"EntryPoint\",\"urlTemplate\":\"https:\/\/terramagi.ca\/?s={search_term_string}\"},\"query-input\":{\"@type\":\"PropertyValueSpecification\",\"valueRequired\":true,\"valueName\":\"search_term_string\"}}],\"inLanguage\":\"en-US\"},{\"@type\":\"Organization\",\"@id\":\"https:\/\/terramagi.ca\/#organization\",\"name\":\"Terra M\u00e1gica\",\"url\":\"https:\/\/terramagi.ca\/\",\"logo\":{\"@type\":\"ImageObject\",\"inLanguage\":\"en-US\",\"@id\":\"https:\/\/terramagi.ca\/#\/schema\/logo\/image\/\",\"url\":\"https:\/\/terramagi.ca\/wp-content\/uploads\/2024\/06\/cropped-TERRA-MAGICA1.png\",\"contentUrl\":\"https:\/\/terramagi.ca\/wp-content\/uploads\/2024\/06\/cropped-TERRA-MAGICA1.png\",\"width\":1078,\"height\":1079,\"caption\":\"Terra M\u00e1gica\"},\"image\":{\"@id\":\"https:\/\/terramagi.ca\/#\/schema\/logo\/image\/\"},\"sameAs\":[\"https:\/\/www.facebook.com\/organikway\"]}]}<\/script>\n<!-- \/ Yoast SEO plugin. -->","yoast_head_json":{"title":"Kit Energ\u00eda Enfoque e Inmunidad - 8 Frascos - Terra M\u00e1gica","robots":{"index":"index","follow":"follow","max-snippet":"max-snippet:-1","max-image-preview":"max-image-preview:large","max-video-preview":"max-video-preview:-1"},"canonical":"https:\/\/terramagi.ca\/en\/product\/kit-energia-enfoque-e-inmunidad-8-frascos\/","og_locale":"en_US","og_type":"article","og_title":"Kit Energ\u00eda Enfoque e Inmunidad - 8 Frascos - Terra M\u00e1gica","og_description":"Este kit contiene 8 frascos, incluye los 2 kits que tenemos de 4 frascos. Energ\u00eda y Enfoque Inmunidad","og_url":"https:\/\/terramagi.ca\/en\/product\/kit-energia-enfoque-e-inmunidad-8-frascos\/","og_site_name":"Terra M\u00e1gica","article_publisher":"https:\/\/www.facebook.com\/organikway","article_modified_time":"2025-02-27T18:54:13+00:00","og_image":[{"width":1024,"height":813,"url":"https:\/\/terramagi.ca\/wp-content\/uploads\/2024\/09\/kit8-1024x813.png","type":"image\/png"}],"twitter_card":"summary_large_image","twitter_misc":{"Est. reading time":"1 minute"},"schema":{"@context":"https:\/\/schema.org","@graph":[{"@type":"WebPage","@id":"https:\/\/terramagi.ca\/producto\/kit-energia-enfoque-e-inmunidad-8-frascos\/","url":"https:\/\/terramagi.ca\/producto\/kit-energia-enfoque-e-inmunidad-8-frascos\/","name":"Kit Energ\u00eda Enfoque e Inmunidad - 8 Frascos - Terra M\u00e1gica","isPartOf":{"@id":"https:\/\/terramagi.ca\/#website"},"primaryImageOfPage":{"@id":"https:\/\/terramagi.ca\/producto\/kit-energia-enfoque-e-inmunidad-8-frascos\/#primaryimage"},"image":{"@id":"https:\/\/terramagi.ca\/producto\/kit-energia-enfoque-e-inmunidad-8-frascos\/#primaryimage"},"thumbnailUrl":"https:\/\/terramagi.ca\/wp-content\/uploads\/2024\/09\/kit8.png","datePublished":"2024-09-05T18:45:56+00:00","dateModified":"2025-02-27T18:54:13+00:00","breadcrumb":{"@id":"https:\/\/terramagi.ca\/producto\/kit-energia-enfoque-e-inmunidad-8-frascos\/#breadcrumb"},"inLanguage":"en-US","potentialAction":[{"@type":"ReadAction","target":["https:\/\/terramagi.ca\/producto\/kit-energia-enfoque-e-inmunidad-8-frascos\/"]}]},{"@type":"ImageObject","inLanguage":"en-US","@id":"https:\/\/terramagi.ca\/producto\/kit-energia-enfoque-e-inmunidad-8-frascos\/#primaryimage","url":"https:\/\/terramagi.ca\/wp-content\/uploads\/2024\/09\/kit8.png","contentUrl":"https:\/\/terramagi.ca\/wp-content\/uploads\/2024\/09\/kit8.png","width":1570,"height":1247},{"@type":"BreadcrumbList","@id":"https:\/\/terramagi.ca\/producto\/kit-energia-enfoque-e-inmunidad-8-frascos\/#breadcrumb","itemListElement":[{"@type":"ListItem","position":1,"name":"Inicio","item":"https:\/\/terramagi.ca\/"},{"@type":"ListItem","position":2,"name":"Tienda","item":"https:\/\/terramagi.ca\/tienda\/"},{"@type":"ListItem","position":3,"name":"Kit Energ\u00eda Enfoque e Inmunidad &#8211; 8 Frascos"}]},{"@type":"WebSite","@id":"https:\/\/terramagi.ca\/#website","url":"https:\/\/terramagi.ca\/","name":"Terra M\u00e1gica","description":"Hongos, Microgreens y Minerales","publisher":{"@id":"https:\/\/terramagi.ca\/#organization"},"potentialAction":[{"@type":"SearchAction","target":{"@type":"EntryPoint","urlTemplate":"https:\/\/terramagi.ca\/?s={search_term_string}"},"query-input":{"@type":"PropertyValueSpecification","valueRequired":true,"valueName":"search_term_string"}}],"inLanguage":"en-US"},{"@type":"Organization","@id":"https:\/\/terramagi.ca\/#organization","name":"Terra M\u00e1gica","url":"https:\/\/terramagi.ca\/","logo":{"@type":"ImageObject","inLanguage":"en-US","@id":"https:\/\/terramagi.ca\/#\/schema\/logo\/image\/","url":"https:\/\/terramagi.ca\/wp-content\/uploads\/2024\/06\/cropped-TERRA-MAGICA1.png","contentUrl":"https:\/\/terramagi.ca\/wp-content\/uploads\/2024\/06\/cropped-TERRA-MAGICA1.png","width":1078,"height":1079,"caption":"Terra M\u00e1gica"},"image":{"@id":"https:\/\/terramagi.ca\/#\/schema\/logo\/image\/"},"sameAs":["https:\/\/www.facebook.com\/organikway"]}]}},"jetpack_sharing_enabled":true,"_links":{"self":[{"href":"https:\/\/terramagi.ca\/en\/wp-json\/wp\/v2\/product\/901","targetHints":{"allow":["GET"]}}],"collection":[{"href":"https:\/\/terramagi.ca\/en\/wp-json\/wp\/v2\/product"}],"about":[{"href":"https:\/\/terramagi.ca\/en\/wp-json\/wp\/v2\/types\/product"}],"replies":[{"embeddable":true,"href":"https:\/\/terramagi.ca\/en\/wp-json\/wp\/v2\/comments?post=901"}],"wp:featuredmedia":[{"embeddable":true,"href":"https:\/\/terramagi.ca\/en\/wp-json\/wp\/v2\/media\/902"}],"wp:attachment":[{"href":"https:\/\/terramagi.ca\/en\/wp-json\/wp\/v2\/media?parent=901"}],"wp:term":[{"taxonomy":"product_brand","embeddable":true,"href":"https:\/\/terramagi.ca\/en\/wp-json\/wp\/v2\/product_brand?post=901"},{"taxonomy":"product_cat","embeddable":true,"href":"https:\/\/terramagi.ca\/en\/wp-json\/wp\/v2\/product_cat?post=901"},{"taxonomy":"product_tag","embeddable":true,"href":"https:\/\/terramagi.ca\/en\/wp-json\/wp\/v2\/product_tag?post=901"}],"curies":[{"name":"wp","href":"https:\/\/api.w.org\/{rel}","templated":true}]}}