{"id":877,"date":"2024-08-31T22:34:08","date_gmt":"2024-08-31T22:34:08","guid":{"rendered":"https:\/\/terramagi.ca\/?post_type=product&#038;p=877"},"modified":"2025-02-27T18:41:14","modified_gmt":"2025-02-27T18:41:14","slug":"raiz-de-ashwagandha","status":"publish","type":"product","link":"https:\/\/terramagi.ca\/en\/product\/raiz-de-ashwagandha\/","title":{"rendered":"Ra\u00edz de Ashwagandha"},"content":{"rendered":"<p>La ra\u00edz de Ashwagandha (Withania somnifera) es una hierba adaptog\u00e9nica altamente valorada en la medicina ayurv\u00e9dica, utilizada durante m\u00e1s de 3,000 a\u00f1os para promover la salud y el bienestar. Originaria de India, Oriente Medio y partes de \u00c1frica, la Ashwagandha es conocida por su capacidad para ayudar al cuerpo a adaptarse al estr\u00e9s.<\/p>\n<p>Esta ra\u00edz es apreciada por sus propiedades para reducir el estr\u00e9s y la ansiedad, mejorar la energ\u00eda y la resistencia, y apoyar la funci\u00f3n cognitiva. Adem\u00e1s, ha sido objeto de estudios que destacan sus beneficios en la regulaci\u00f3n hormonal y el fortalecimiento del sistema inmunol\u00f3gico. Este producto se presenta en un frasco sellado de 100 gramos, dise\u00f1ado para preservar su frescura y efectividad, proporcionando un remedio natural para mejorar la salud y mantener el equilibrio general del cuerpo.<\/p>","protected":false},"excerpt":{"rendered":"<p>La ra\u00edz de Ashwagandha (Withania somnifera) es una hierba adaptog\u00e9nica altamente valorada en la medicina ayurv\u00e9dica, utilizada durante m\u00e1s de 3,000 a\u00f1os para promover la salud y el bienestar. Originaria de India, Oriente Medio y partes de \u00c1frica, la Ashwagandha es conocida por su capacidad para ayudar al cuerpo a adaptarse al estr\u00e9s. Esta ra\u00edz &#8230; <a title=\"Ra\u00edz de Ashwagandha\" class=\"read-more\" href=\"https:\/\/terramagi.ca\/en\/product\/raiz-de-ashwagandha\/\" aria-label=\"Read more about Ra\u00edz de Ashwagandha\">Read more<\/a><\/p>","protected":false},"featured_media":878,"comment_status":"open","ping_status":"closed","template":"","meta":[],"product_brand":[],"product_cat":[40],"product_tag":[37,41],"class_list":{"0":"post-877","1":"product","2":"type-product","3":"status-publish","4":"has-post-thumbnail","6":"product_cat-raiz","7":"product_tag-100gr","8":"product_tag-raiz-ashwagandha","10":"first","11":"instock","12":"sale","13":"shipping-taxable","14":"purchasable","15":"product-type-simple"},"yoast_head":"<!-- This site is optimized with the Yoast SEO plugin v24.5 - https:\/\/yoast.com\/wordpress\/plugins\/seo\/ -->\n<title>Ra\u00edz de Ashwagandha - Terra M\u00e1gica<\/title>\n<meta name=\"robots\" content=\"index, follow, max-snippet:-1, max-image-preview:large, max-video-preview:-1\" \/>\n<link rel=\"canonical\" href=\"https:\/\/terramagi.ca\/en\/product\/raiz-de-ashwagandha\/\" \/>\n<meta property=\"og:locale\" content=\"en_US\" \/>\n<meta property=\"og:type\" content=\"article\" \/>\n<meta property=\"og:title\" content=\"Ra\u00edz de Ashwagandha - Terra M\u00e1gica\" \/>\n<meta property=\"og:description\" content=\"La ra\u00edz de Ashwagandha (Withania somnifera) es una hierba adaptog\u00e9nica altamente valorada en la medicina ayurv\u00e9dica, utilizada durante m\u00e1s de 3,000 a\u00f1os para promover la salud y el bienestar. Originaria de India, Oriente Medio y partes de \u00c1frica, la Ashwagandha es conocida por su capacidad para ayudar al cuerpo a adaptarse al estr\u00e9s. Esta ra\u00edz ... Read more\" \/>\n<meta property=\"og:url\" content=\"https:\/\/terramagi.ca\/en\/product\/raiz-de-ashwagandha\/\" \/>\n<meta property=\"og:site_name\" content=\"Terra M\u00e1gica\" \/>\n<meta property=\"article:publisher\" content=\"https:\/\/www.facebook.com\/organikway\" \/>\n<meta property=\"article:modified_time\" content=\"2025-02-27T18:41:14+00:00\" \/>\n<meta property=\"og:image\" content=\"https:\/\/terramagi.ca\/wp-content\/uploads\/2024\/08\/ashwagandha.jpg\" \/>\n\t<meta property=\"og:image:width\" content=\"1080\" \/>\n\t<meta property=\"og:image:height\" content=\"1080\" \/>\n\t<meta property=\"og:image:type\" content=\"image\/jpeg\" \/>\n<meta name=\"twitter:card\" content=\"summary_large_image\" \/>\n<meta name=\"twitter:label1\" content=\"Est. reading time\" \/>\n\t<meta name=\"twitter:data1\" content=\"1 minute\" \/>\n<script type=\"application\/ld+json\" class=\"yoast-schema-graph\">{\"@context\":\"https:\/\/schema.org\",\"@graph\":[{\"@type\":\"WebPage\",\"@id\":\"https:\/\/terramagi.ca\/producto\/raiz-de-ashwagandha\/\",\"url\":\"https:\/\/terramagi.ca\/producto\/raiz-de-ashwagandha\/\",\"name\":\"Ra\u00edz de Ashwagandha - Terra M\u00e1gica\",\"isPartOf\":{\"@id\":\"https:\/\/terramagi.ca\/#website\"},\"primaryImageOfPage\":{\"@id\":\"https:\/\/terramagi.ca\/producto\/raiz-de-ashwagandha\/#primaryimage\"},\"image\":{\"@id\":\"https:\/\/terramagi.ca\/producto\/raiz-de-ashwagandha\/#primaryimage\"},\"thumbnailUrl\":\"https:\/\/terramagi.ca\/wp-content\/uploads\/2024\/08\/ashwagandha.jpg\",\"datePublished\":\"2024-08-31T22:34:08+00:00\",\"dateModified\":\"2025-02-27T18:41:14+00:00\",\"breadcrumb\":{\"@id\":\"https:\/\/terramagi.ca\/producto\/raiz-de-ashwagandha\/#breadcrumb\"},\"inLanguage\":\"en-US\",\"potentialAction\":[{\"@type\":\"ReadAction\",\"target\":[\"https:\/\/terramagi.ca\/producto\/raiz-de-ashwagandha\/\"]}]},{\"@type\":\"ImageObject\",\"inLanguage\":\"en-US\",\"@id\":\"https:\/\/terramagi.ca\/producto\/raiz-de-ashwagandha\/#primaryimage\",\"url\":\"https:\/\/terramagi.ca\/wp-content\/uploads\/2024\/08\/ashwagandha.jpg\",\"contentUrl\":\"https:\/\/terramagi.ca\/wp-content\/uploads\/2024\/08\/ashwagandha.jpg\",\"width\":1080,\"height\":1080},{\"@type\":\"BreadcrumbList\",\"@id\":\"https:\/\/terramagi.ca\/producto\/raiz-de-ashwagandha\/#breadcrumb\",\"itemListElement\":[{\"@type\":\"ListItem\",\"position\":1,\"name\":\"Inicio\",\"item\":\"https:\/\/terramagi.ca\/\"},{\"@type\":\"ListItem\",\"position\":2,\"name\":\"Tienda\",\"item\":\"https:\/\/terramagi.ca\/tienda\/\"},{\"@type\":\"ListItem\",\"position\":3,\"name\":\"Ra\u00edz de Ashwagandha\"}]},{\"@type\":\"WebSite\",\"@id\":\"https:\/\/terramagi.ca\/#website\",\"url\":\"https:\/\/terramagi.ca\/\",\"name\":\"Terra M\u00e1gica\",\"description\":\"Hongos, Microgreens y Minerales\",\"publisher\":{\"@id\":\"https:\/\/terramagi.ca\/#organization\"},\"potentialAction\":[{\"@type\":\"SearchAction\",\"target\":{\"@type\":\"EntryPoint\",\"urlTemplate\":\"https:\/\/terramagi.ca\/?s={search_term_string}\"},\"query-input\":{\"@type\":\"PropertyValueSpecification\",\"valueRequired\":true,\"valueName\":\"search_term_string\"}}],\"inLanguage\":\"en-US\"},{\"@type\":\"Organization\",\"@id\":\"https:\/\/terramagi.ca\/#organization\",\"name\":\"Terra M\u00e1gica\",\"url\":\"https:\/\/terramagi.ca\/\",\"logo\":{\"@type\":\"ImageObject\",\"inLanguage\":\"en-US\",\"@id\":\"https:\/\/terramagi.ca\/#\/schema\/logo\/image\/\",\"url\":\"https:\/\/terramagi.ca\/wp-content\/uploads\/2024\/06\/cropped-TERRA-MAGICA1.png\",\"contentUrl\":\"https:\/\/terramagi.ca\/wp-content\/uploads\/2024\/06\/cropped-TERRA-MAGICA1.png\",\"width\":1078,\"height\":1079,\"caption\":\"Terra M\u00e1gica\"},\"image\":{\"@id\":\"https:\/\/terramagi.ca\/#\/schema\/logo\/image\/\"},\"sameAs\":[\"https:\/\/www.facebook.com\/organikway\"]}]}<\/script>\n<!-- \/ Yoast SEO plugin. -->","yoast_head_json":{"title":"Ra\u00edz de Ashwagandha - Terra M\u00e1gica","robots":{"index":"index","follow":"follow","max-snippet":"max-snippet:-1","max-image-preview":"max-image-preview:large","max-video-preview":"max-video-preview:-1"},"canonical":"https:\/\/terramagi.ca\/en\/product\/raiz-de-ashwagandha\/","og_locale":"en_US","og_type":"article","og_title":"Ra\u00edz de Ashwagandha - Terra M\u00e1gica","og_description":"La ra\u00edz de Ashwagandha (Withania somnifera) es una hierba adaptog\u00e9nica altamente valorada en la medicina ayurv\u00e9dica, utilizada durante m\u00e1s de 3,000 a\u00f1os para promover la salud y el bienestar. Originaria de India, Oriente Medio y partes de \u00c1frica, la Ashwagandha es conocida por su capacidad para ayudar al cuerpo a adaptarse al estr\u00e9s. Esta ra\u00edz ... Read more","og_url":"https:\/\/terramagi.ca\/en\/product\/raiz-de-ashwagandha\/","og_site_name":"Terra M\u00e1gica","article_publisher":"https:\/\/www.facebook.com\/organikway","article_modified_time":"2025-02-27T18:41:14+00:00","og_image":[{"width":1080,"height":1080,"url":"https:\/\/terramagi.ca\/wp-content\/uploads\/2024\/08\/ashwagandha.jpg","type":"image\/jpeg"}],"twitter_card":"summary_large_image","twitter_misc":{"Est. reading time":"1 minute"},"schema":{"@context":"https:\/\/schema.org","@graph":[{"@type":"WebPage","@id":"https:\/\/terramagi.ca\/producto\/raiz-de-ashwagandha\/","url":"https:\/\/terramagi.ca\/producto\/raiz-de-ashwagandha\/","name":"Ra\u00edz de Ashwagandha - Terra M\u00e1gica","isPartOf":{"@id":"https:\/\/terramagi.ca\/#website"},"primaryImageOfPage":{"@id":"https:\/\/terramagi.ca\/producto\/raiz-de-ashwagandha\/#primaryimage"},"image":{"@id":"https:\/\/terramagi.ca\/producto\/raiz-de-ashwagandha\/#primaryimage"},"thumbnailUrl":"https:\/\/terramagi.ca\/wp-content\/uploads\/2024\/08\/ashwagandha.jpg","datePublished":"2024-08-31T22:34:08+00:00","dateModified":"2025-02-27T18:41:14+00:00","breadcrumb":{"@id":"https:\/\/terramagi.ca\/producto\/raiz-de-ashwagandha\/#breadcrumb"},"inLanguage":"en-US","potentialAction":[{"@type":"ReadAction","target":["https:\/\/terramagi.ca\/producto\/raiz-de-ashwagandha\/"]}]},{"@type":"ImageObject","inLanguage":"en-US","@id":"https:\/\/terramagi.ca\/producto\/raiz-de-ashwagandha\/#primaryimage","url":"https:\/\/terramagi.ca\/wp-content\/uploads\/2024\/08\/ashwagandha.jpg","contentUrl":"https:\/\/terramagi.ca\/wp-content\/uploads\/2024\/08\/ashwagandha.jpg","width":1080,"height":1080},{"@type":"BreadcrumbList","@id":"https:\/\/terramagi.ca\/producto\/raiz-de-ashwagandha\/#breadcrumb","itemListElement":[{"@type":"ListItem","position":1,"name":"Inicio","item":"https:\/\/terramagi.ca\/"},{"@type":"ListItem","position":2,"name":"Tienda","item":"https:\/\/terramagi.ca\/tienda\/"},{"@type":"ListItem","position":3,"name":"Ra\u00edz de Ashwagandha"}]},{"@type":"WebSite","@id":"https:\/\/terramagi.ca\/#website","url":"https:\/\/terramagi.ca\/","name":"Terra M\u00e1gica","description":"Hongos, Microgreens y Minerales","publisher":{"@id":"https:\/\/terramagi.ca\/#organization"},"potentialAction":[{"@type":"SearchAction","target":{"@type":"EntryPoint","urlTemplate":"https:\/\/terramagi.ca\/?s={search_term_string}"},"query-input":{"@type":"PropertyValueSpecification","valueRequired":true,"valueName":"search_term_string"}}],"inLanguage":"en-US"},{"@type":"Organization","@id":"https:\/\/terramagi.ca\/#organization","name":"Terra M\u00e1gica","url":"https:\/\/terramagi.ca\/","logo":{"@type":"ImageObject","inLanguage":"en-US","@id":"https:\/\/terramagi.ca\/#\/schema\/logo\/image\/","url":"https:\/\/terramagi.ca\/wp-content\/uploads\/2024\/06\/cropped-TERRA-MAGICA1.png","contentUrl":"https:\/\/terramagi.ca\/wp-content\/uploads\/2024\/06\/cropped-TERRA-MAGICA1.png","width":1078,"height":1079,"caption":"Terra M\u00e1gica"},"image":{"@id":"https:\/\/terramagi.ca\/#\/schema\/logo\/image\/"},"sameAs":["https:\/\/www.facebook.com\/organikway"]}]}},"jetpack_sharing_enabled":true,"_links":{"self":[{"href":"https:\/\/terramagi.ca\/en\/wp-json\/wp\/v2\/product\/877","targetHints":{"allow":["GET"]}}],"collection":[{"href":"https:\/\/terramagi.ca\/en\/wp-json\/wp\/v2\/product"}],"about":[{"href":"https:\/\/terramagi.ca\/en\/wp-json\/wp\/v2\/types\/product"}],"replies":[{"embeddable":true,"href":"https:\/\/terramagi.ca\/en\/wp-json\/wp\/v2\/comments?post=877"}],"wp:featuredmedia":[{"embeddable":true,"href":"https:\/\/terramagi.ca\/en\/wp-json\/wp\/v2\/media\/878"}],"wp:attachment":[{"href":"https:\/\/terramagi.ca\/en\/wp-json\/wp\/v2\/media?parent=877"}],"wp:term":[{"taxonomy":"product_brand","embeddable":true,"href":"https:\/\/terramagi.ca\/en\/wp-json\/wp\/v2\/product_brand?post=877"},{"taxonomy":"product_cat","embeddable":true,"href":"https:\/\/terramagi.ca\/en\/wp-json\/wp\/v2\/product_cat?post=877"},{"taxonomy":"product_tag","embeddable":true,"href":"https:\/\/terramagi.ca\/en\/wp-json\/wp\/v2\/product_tag?post=877"}],"curies":[{"name":"wp","href":"https:\/\/api.w.org\/{rel}","templated":true}]}}