{"id":870,"date":"2024-08-31T22:25:11","date_gmt":"2024-08-31T22:25:11","guid":{"rendered":"https:\/\/terramagi.ca\/?post_type=product&#038;p=870"},"modified":"2025-02-27T18:40:28","modified_gmt":"2025-02-27T18:40:28","slug":"hongo-chaga","status":"publish","type":"product","link":"https:\/\/terramagi.ca\/en\/product\/hongo-chaga\/","title":{"rendered":"Hongo Chaga"},"content":{"rendered":"<p>El hongo Chaga (Inonotus obliquus) es un hongo singular que crece principalmente en abedules en regiones fr\u00edas, como Siberia, el norte de Canad\u00e1 y Alaska. Durante siglos, ha sido un componente clave en la medicina tradicional y, en la actualidad, est\u00e1 ganando reconocimiento global por sus posibles beneficios para la salud. Este producto viene en un frasco sellado de 100 gramos, dise\u00f1ado para preservar sus propiedades naturales. A lo largo de este ensayo, examinaremos los diversos efectos que el consumo de Chaga puede tener en el cuerpo humano.<\/p>","protected":false},"excerpt":{"rendered":"<p>El hongo Chaga (Inonotus obliquus) es un hongo singular que crece principalmente en abedules en regiones fr\u00edas, como Siberia, el norte de Canad\u00e1 y Alaska. Durante siglos, ha sido un componente clave en la medicina tradicional y, en la actualidad, est\u00e1 ganando reconocimiento global por sus posibles beneficios para la salud. Este producto viene en &#8230; <a title=\"Hongo Chaga\" class=\"read-more\" href=\"https:\/\/terramagi.ca\/en\/product\/hongo-chaga\/\" aria-label=\"Read more about Hongo Chaga\">Read more<\/a><\/p>","protected":false},"featured_media":871,"comment_status":"open","ping_status":"closed","template":"","meta":[],"product_brand":[],"product_cat":[35],"product_tag":[],"class_list":{"0":"post-870","1":"product","2":"type-product","3":"status-publish","4":"has-post-thumbnail","6":"product_cat-hongos","8":"first","9":"instock","10":"sale","11":"shipping-taxable","12":"purchasable","13":"product-type-simple"},"yoast_head":"<!-- This site is optimized with the Yoast SEO plugin v24.5 - https:\/\/yoast.com\/wordpress\/plugins\/seo\/ -->\n<title>Hongo Chaga - Terra M\u00e1gica<\/title>\n<meta name=\"robots\" content=\"index, follow, max-snippet:-1, max-image-preview:large, max-video-preview:-1\" \/>\n<link rel=\"canonical\" href=\"https:\/\/terramagi.ca\/en\/product\/hongo-chaga\/\" \/>\n<meta property=\"og:locale\" content=\"en_US\" \/>\n<meta property=\"og:type\" content=\"article\" \/>\n<meta property=\"og:title\" content=\"Hongo Chaga - Terra M\u00e1gica\" \/>\n<meta property=\"og:description\" content=\"El hongo Chaga (Inonotus obliquus) es un hongo singular que crece principalmente en abedules en regiones fr\u00edas, como Siberia, el norte de Canad\u00e1 y Alaska. Durante siglos, ha sido un componente clave en la medicina tradicional y, en la actualidad, est\u00e1 ganando reconocimiento global por sus posibles beneficios para la salud. Este producto viene en ... Read more\" \/>\n<meta property=\"og:url\" content=\"https:\/\/terramagi.ca\/en\/product\/hongo-chaga\/\" \/>\n<meta property=\"og:site_name\" content=\"Terra M\u00e1gica\" \/>\n<meta property=\"article:publisher\" content=\"https:\/\/www.facebook.com\/organikway\" \/>\n<meta property=\"article:modified_time\" content=\"2025-02-27T18:40:28+00:00\" \/>\n<meta property=\"og:image\" content=\"https:\/\/terramagi.ca\/wp-content\/uploads\/2024\/08\/chaga.jpg\" \/>\n\t<meta property=\"og:image:width\" content=\"1080\" \/>\n\t<meta property=\"og:image:height\" content=\"1080\" \/>\n\t<meta property=\"og:image:type\" content=\"image\/jpeg\" \/>\n<meta name=\"twitter:card\" content=\"summary_large_image\" \/>\n<meta name=\"twitter:label1\" content=\"Est. reading time\" \/>\n\t<meta name=\"twitter:data1\" content=\"1 minute\" \/>\n<script type=\"application\/ld+json\" class=\"yoast-schema-graph\">{\"@context\":\"https:\/\/schema.org\",\"@graph\":[{\"@type\":\"WebPage\",\"@id\":\"https:\/\/terramagi.ca\/producto\/hongo-chaga\/\",\"url\":\"https:\/\/terramagi.ca\/producto\/hongo-chaga\/\",\"name\":\"Hongo Chaga - Terra M\u00e1gica\",\"isPartOf\":{\"@id\":\"https:\/\/terramagi.ca\/#website\"},\"primaryImageOfPage\":{\"@id\":\"https:\/\/terramagi.ca\/producto\/hongo-chaga\/#primaryimage\"},\"image\":{\"@id\":\"https:\/\/terramagi.ca\/producto\/hongo-chaga\/#primaryimage\"},\"thumbnailUrl\":\"https:\/\/terramagi.ca\/wp-content\/uploads\/2024\/08\/chaga.jpg\",\"datePublished\":\"2024-08-31T22:25:11+00:00\",\"dateModified\":\"2025-02-27T18:40:28+00:00\",\"breadcrumb\":{\"@id\":\"https:\/\/terramagi.ca\/producto\/hongo-chaga\/#breadcrumb\"},\"inLanguage\":\"en-US\",\"potentialAction\":[{\"@type\":\"ReadAction\",\"target\":[\"https:\/\/terramagi.ca\/producto\/hongo-chaga\/\"]}]},{\"@type\":\"ImageObject\",\"inLanguage\":\"en-US\",\"@id\":\"https:\/\/terramagi.ca\/producto\/hongo-chaga\/#primaryimage\",\"url\":\"https:\/\/terramagi.ca\/wp-content\/uploads\/2024\/08\/chaga.jpg\",\"contentUrl\":\"https:\/\/terramagi.ca\/wp-content\/uploads\/2024\/08\/chaga.jpg\",\"width\":1080,\"height\":1080},{\"@type\":\"BreadcrumbList\",\"@id\":\"https:\/\/terramagi.ca\/producto\/hongo-chaga\/#breadcrumb\",\"itemListElement\":[{\"@type\":\"ListItem\",\"position\":1,\"name\":\"Inicio\",\"item\":\"https:\/\/terramagi.ca\/\"},{\"@type\":\"ListItem\",\"position\":2,\"name\":\"Tienda\",\"item\":\"https:\/\/terramagi.ca\/tienda\/\"},{\"@type\":\"ListItem\",\"position\":3,\"name\":\"Hongo Chaga\"}]},{\"@type\":\"WebSite\",\"@id\":\"https:\/\/terramagi.ca\/#website\",\"url\":\"https:\/\/terramagi.ca\/\",\"name\":\"Terra M\u00e1gica\",\"description\":\"Hongos, Microgreens y Minerales\",\"publisher\":{\"@id\":\"https:\/\/terramagi.ca\/#organization\"},\"potentialAction\":[{\"@type\":\"SearchAction\",\"target\":{\"@type\":\"EntryPoint\",\"urlTemplate\":\"https:\/\/terramagi.ca\/?s={search_term_string}\"},\"query-input\":{\"@type\":\"PropertyValueSpecification\",\"valueRequired\":true,\"valueName\":\"search_term_string\"}}],\"inLanguage\":\"en-US\"},{\"@type\":\"Organization\",\"@id\":\"https:\/\/terramagi.ca\/#organization\",\"name\":\"Terra M\u00e1gica\",\"url\":\"https:\/\/terramagi.ca\/\",\"logo\":{\"@type\":\"ImageObject\",\"inLanguage\":\"en-US\",\"@id\":\"https:\/\/terramagi.ca\/#\/schema\/logo\/image\/\",\"url\":\"https:\/\/terramagi.ca\/wp-content\/uploads\/2024\/06\/cropped-TERRA-MAGICA1.png\",\"contentUrl\":\"https:\/\/terramagi.ca\/wp-content\/uploads\/2024\/06\/cropped-TERRA-MAGICA1.png\",\"width\":1078,\"height\":1079,\"caption\":\"Terra M\u00e1gica\"},\"image\":{\"@id\":\"https:\/\/terramagi.ca\/#\/schema\/logo\/image\/\"},\"sameAs\":[\"https:\/\/www.facebook.com\/organikway\"]}]}<\/script>\n<!-- \/ Yoast SEO plugin. -->","yoast_head_json":{"title":"Hongo Chaga - Terra M\u00e1gica","robots":{"index":"index","follow":"follow","max-snippet":"max-snippet:-1","max-image-preview":"max-image-preview:large","max-video-preview":"max-video-preview:-1"},"canonical":"https:\/\/terramagi.ca\/en\/product\/hongo-chaga\/","og_locale":"en_US","og_type":"article","og_title":"Hongo Chaga - Terra M\u00e1gica","og_description":"El hongo Chaga (Inonotus obliquus) es un hongo singular que crece principalmente en abedules en regiones fr\u00edas, como Siberia, el norte de Canad\u00e1 y Alaska. Durante siglos, ha sido un componente clave en la medicina tradicional y, en la actualidad, est\u00e1 ganando reconocimiento global por sus posibles beneficios para la salud. Este producto viene en ... Read more","og_url":"https:\/\/terramagi.ca\/en\/product\/hongo-chaga\/","og_site_name":"Terra M\u00e1gica","article_publisher":"https:\/\/www.facebook.com\/organikway","article_modified_time":"2025-02-27T18:40:28+00:00","og_image":[{"width":1080,"height":1080,"url":"https:\/\/terramagi.ca\/wp-content\/uploads\/2024\/08\/chaga.jpg","type":"image\/jpeg"}],"twitter_card":"summary_large_image","twitter_misc":{"Est. reading time":"1 minute"},"schema":{"@context":"https:\/\/schema.org","@graph":[{"@type":"WebPage","@id":"https:\/\/terramagi.ca\/producto\/hongo-chaga\/","url":"https:\/\/terramagi.ca\/producto\/hongo-chaga\/","name":"Hongo Chaga - Terra M\u00e1gica","isPartOf":{"@id":"https:\/\/terramagi.ca\/#website"},"primaryImageOfPage":{"@id":"https:\/\/terramagi.ca\/producto\/hongo-chaga\/#primaryimage"},"image":{"@id":"https:\/\/terramagi.ca\/producto\/hongo-chaga\/#primaryimage"},"thumbnailUrl":"https:\/\/terramagi.ca\/wp-content\/uploads\/2024\/08\/chaga.jpg","datePublished":"2024-08-31T22:25:11+00:00","dateModified":"2025-02-27T18:40:28+00:00","breadcrumb":{"@id":"https:\/\/terramagi.ca\/producto\/hongo-chaga\/#breadcrumb"},"inLanguage":"en-US","potentialAction":[{"@type":"ReadAction","target":["https:\/\/terramagi.ca\/producto\/hongo-chaga\/"]}]},{"@type":"ImageObject","inLanguage":"en-US","@id":"https:\/\/terramagi.ca\/producto\/hongo-chaga\/#primaryimage","url":"https:\/\/terramagi.ca\/wp-content\/uploads\/2024\/08\/chaga.jpg","contentUrl":"https:\/\/terramagi.ca\/wp-content\/uploads\/2024\/08\/chaga.jpg","width":1080,"height":1080},{"@type":"BreadcrumbList","@id":"https:\/\/terramagi.ca\/producto\/hongo-chaga\/#breadcrumb","itemListElement":[{"@type":"ListItem","position":1,"name":"Inicio","item":"https:\/\/terramagi.ca\/"},{"@type":"ListItem","position":2,"name":"Tienda","item":"https:\/\/terramagi.ca\/tienda\/"},{"@type":"ListItem","position":3,"name":"Hongo Chaga"}]},{"@type":"WebSite","@id":"https:\/\/terramagi.ca\/#website","url":"https:\/\/terramagi.ca\/","name":"Terra M\u00e1gica","description":"Hongos, Microgreens y Minerales","publisher":{"@id":"https:\/\/terramagi.ca\/#organization"},"potentialAction":[{"@type":"SearchAction","target":{"@type":"EntryPoint","urlTemplate":"https:\/\/terramagi.ca\/?s={search_term_string}"},"query-input":{"@type":"PropertyValueSpecification","valueRequired":true,"valueName":"search_term_string"}}],"inLanguage":"en-US"},{"@type":"Organization","@id":"https:\/\/terramagi.ca\/#organization","name":"Terra M\u00e1gica","url":"https:\/\/terramagi.ca\/","logo":{"@type":"ImageObject","inLanguage":"en-US","@id":"https:\/\/terramagi.ca\/#\/schema\/logo\/image\/","url":"https:\/\/terramagi.ca\/wp-content\/uploads\/2024\/06\/cropped-TERRA-MAGICA1.png","contentUrl":"https:\/\/terramagi.ca\/wp-content\/uploads\/2024\/06\/cropped-TERRA-MAGICA1.png","width":1078,"height":1079,"caption":"Terra M\u00e1gica"},"image":{"@id":"https:\/\/terramagi.ca\/#\/schema\/logo\/image\/"},"sameAs":["https:\/\/www.facebook.com\/organikway"]}]}},"jetpack_sharing_enabled":true,"_links":{"self":[{"href":"https:\/\/terramagi.ca\/en\/wp-json\/wp\/v2\/product\/870","targetHints":{"allow":["GET"]}}],"collection":[{"href":"https:\/\/terramagi.ca\/en\/wp-json\/wp\/v2\/product"}],"about":[{"href":"https:\/\/terramagi.ca\/en\/wp-json\/wp\/v2\/types\/product"}],"replies":[{"embeddable":true,"href":"https:\/\/terramagi.ca\/en\/wp-json\/wp\/v2\/comments?post=870"}],"wp:featuredmedia":[{"embeddable":true,"href":"https:\/\/terramagi.ca\/en\/wp-json\/wp\/v2\/media\/871"}],"wp:attachment":[{"href":"https:\/\/terramagi.ca\/en\/wp-json\/wp\/v2\/media?parent=870"}],"wp:term":[{"taxonomy":"product_brand","embeddable":true,"href":"https:\/\/terramagi.ca\/en\/wp-json\/wp\/v2\/product_brand?post=870"},{"taxonomy":"product_cat","embeddable":true,"href":"https:\/\/terramagi.ca\/en\/wp-json\/wp\/v2\/product_cat?post=870"},{"taxonomy":"product_tag","embeddable":true,"href":"https:\/\/terramagi.ca\/en\/wp-json\/wp\/v2\/product_tag?post=870"}],"curies":[{"name":"wp","href":"https:\/\/api.w.org\/{rel}","templated":true}]}}