{"id":863,"date":"2024-08-31T22:01:50","date_gmt":"2024-08-31T22:01:50","guid":{"rendered":"https:\/\/terramagi.ca\/?post_type=product&#038;p=863"},"modified":"2025-02-27T18:40:10","modified_gmt":"2025-02-27T18:40:10","slug":"hongo-melena-de-leon","status":"publish","type":"product","link":"https:\/\/terramagi.ca\/en\/product\/hongo-melena-de-leon\/","title":{"rendered":"Hongo Melena de Le\u00f3n"},"content":{"rendered":"<p>El hongo melena de le\u00f3n, cuyo nombre cient\u00edfico es Hericium erinaceus, ha sido un elemento clave en la medicina tradicional durante muchos siglos. Este hongo destaca por su apariencia \u00fanica, con espinas blancas que evocan la imagen de la melena de un le\u00f3n, lo que ha contribuido a su popularidad y uso extendido. M\u00e1s all\u00e1 de su forma inusual, la melena de le\u00f3n ofrece una amplia gama de beneficios para la salud, convirti\u00e9ndolo en una excelente adici\u00f3n a una dieta equilibrada. En este ensayo, se explorar\u00e1n las m\u00faltiples formas en que el consumo de este hongo puede beneficiar la salud humana.<\/p>","protected":false},"excerpt":{"rendered":"<p>El hongo melena de le\u00f3n, cuyo nombre cient\u00edfico es Hericium erinaceus, ha sido un elemento clave en la medicina tradicional durante muchos siglos. Este hongo destaca por su apariencia \u00fanica, con espinas blancas que evocan la imagen de la melena de un le\u00f3n, lo que ha contribuido a su popularidad y uso extendido. M\u00e1s all\u00e1 &#8230; <a title=\"Hongo Melena de Le\u00f3n\" class=\"read-more\" href=\"https:\/\/terramagi.ca\/en\/product\/hongo-melena-de-leon\/\" aria-label=\"Read more about Hongo Melena de Le\u00f3n\">Read more<\/a><\/p>","protected":false},"featured_media":864,"comment_status":"open","ping_status":"closed","template":"","meta":[],"product_brand":[],"product_cat":[35],"product_tag":[],"class_list":{"0":"post-863","1":"product","2":"type-product","3":"status-publish","4":"has-post-thumbnail","6":"product_cat-hongos","8":"first","9":"instock","10":"sale","11":"shipping-taxable","12":"purchasable","13":"product-type-simple"},"yoast_head":"<!-- This site is optimized with the Yoast SEO plugin v24.5 - https:\/\/yoast.com\/wordpress\/plugins\/seo\/ -->\n<title>Hongo Melena de Le\u00f3n - Terra M\u00e1gica<\/title>\n<meta name=\"robots\" content=\"index, follow, max-snippet:-1, max-image-preview:large, max-video-preview:-1\" \/>\n<link rel=\"canonical\" href=\"https:\/\/terramagi.ca\/en\/product\/hongo-melena-de-leon\/\" \/>\n<meta property=\"og:locale\" content=\"en_US\" \/>\n<meta property=\"og:type\" content=\"article\" \/>\n<meta property=\"og:title\" content=\"Hongo Melena de Le\u00f3n - Terra M\u00e1gica\" \/>\n<meta property=\"og:description\" content=\"El hongo melena de le\u00f3n, cuyo nombre cient\u00edfico es Hericium erinaceus, ha sido un elemento clave en la medicina tradicional durante muchos siglos. Este hongo destaca por su apariencia \u00fanica, con espinas blancas que evocan la imagen de la melena de un le\u00f3n, lo que ha contribuido a su popularidad y uso extendido. M\u00e1s all\u00e1 ... Read more\" \/>\n<meta property=\"og:url\" content=\"https:\/\/terramagi.ca\/en\/product\/hongo-melena-de-leon\/\" \/>\n<meta property=\"og:site_name\" content=\"Terra M\u00e1gica\" \/>\n<meta property=\"article:publisher\" content=\"https:\/\/www.facebook.com\/organikway\" \/>\n<meta property=\"article:modified_time\" content=\"2025-02-27T18:40:10+00:00\" \/>\n<meta property=\"og:image\" content=\"https:\/\/terramagi.ca\/wp-content\/uploads\/2024\/08\/melenadeleon.jpg\" \/>\n\t<meta property=\"og:image:width\" content=\"1080\" \/>\n\t<meta property=\"og:image:height\" content=\"1080\" \/>\n\t<meta property=\"og:image:type\" content=\"image\/jpeg\" \/>\n<meta name=\"twitter:card\" content=\"summary_large_image\" \/>\n<meta name=\"twitter:label1\" content=\"Est. reading time\" \/>\n\t<meta name=\"twitter:data1\" content=\"1 minute\" \/>\n<script type=\"application\/ld+json\" class=\"yoast-schema-graph\">{\"@context\":\"https:\/\/schema.org\",\"@graph\":[{\"@type\":\"WebPage\",\"@id\":\"https:\/\/terramagi.ca\/producto\/hongo-melena-de-leon\/\",\"url\":\"https:\/\/terramagi.ca\/producto\/hongo-melena-de-leon\/\",\"name\":\"Hongo Melena de Le\u00f3n - Terra M\u00e1gica\",\"isPartOf\":{\"@id\":\"https:\/\/terramagi.ca\/#website\"},\"primaryImageOfPage\":{\"@id\":\"https:\/\/terramagi.ca\/producto\/hongo-melena-de-leon\/#primaryimage\"},\"image\":{\"@id\":\"https:\/\/terramagi.ca\/producto\/hongo-melena-de-leon\/#primaryimage\"},\"thumbnailUrl\":\"https:\/\/terramagi.ca\/wp-content\/uploads\/2024\/08\/melenadeleon.jpg\",\"datePublished\":\"2024-08-31T22:01:50+00:00\",\"dateModified\":\"2025-02-27T18:40:10+00:00\",\"breadcrumb\":{\"@id\":\"https:\/\/terramagi.ca\/producto\/hongo-melena-de-leon\/#breadcrumb\"},\"inLanguage\":\"en-US\",\"potentialAction\":[{\"@type\":\"ReadAction\",\"target\":[\"https:\/\/terramagi.ca\/producto\/hongo-melena-de-leon\/\"]}]},{\"@type\":\"ImageObject\",\"inLanguage\":\"en-US\",\"@id\":\"https:\/\/terramagi.ca\/producto\/hongo-melena-de-leon\/#primaryimage\",\"url\":\"https:\/\/terramagi.ca\/wp-content\/uploads\/2024\/08\/melenadeleon.jpg\",\"contentUrl\":\"https:\/\/terramagi.ca\/wp-content\/uploads\/2024\/08\/melenadeleon.jpg\",\"width\":1080,\"height\":1080},{\"@type\":\"BreadcrumbList\",\"@id\":\"https:\/\/terramagi.ca\/producto\/hongo-melena-de-leon\/#breadcrumb\",\"itemListElement\":[{\"@type\":\"ListItem\",\"position\":1,\"name\":\"Inicio\",\"item\":\"https:\/\/terramagi.ca\/\"},{\"@type\":\"ListItem\",\"position\":2,\"name\":\"Tienda\",\"item\":\"https:\/\/terramagi.ca\/tienda\/\"},{\"@type\":\"ListItem\",\"position\":3,\"name\":\"Hongo Melena de Le\u00f3n\"}]},{\"@type\":\"WebSite\",\"@id\":\"https:\/\/terramagi.ca\/#website\",\"url\":\"https:\/\/terramagi.ca\/\",\"name\":\"Terra M\u00e1gica\",\"description\":\"Hongos, Microgreens y Minerales\",\"publisher\":{\"@id\":\"https:\/\/terramagi.ca\/#organization\"},\"potentialAction\":[{\"@type\":\"SearchAction\",\"target\":{\"@type\":\"EntryPoint\",\"urlTemplate\":\"https:\/\/terramagi.ca\/?s={search_term_string}\"},\"query-input\":{\"@type\":\"PropertyValueSpecification\",\"valueRequired\":true,\"valueName\":\"search_term_string\"}}],\"inLanguage\":\"en-US\"},{\"@type\":\"Organization\",\"@id\":\"https:\/\/terramagi.ca\/#organization\",\"name\":\"Terra M\u00e1gica\",\"url\":\"https:\/\/terramagi.ca\/\",\"logo\":{\"@type\":\"ImageObject\",\"inLanguage\":\"en-US\",\"@id\":\"https:\/\/terramagi.ca\/#\/schema\/logo\/image\/\",\"url\":\"https:\/\/terramagi.ca\/wp-content\/uploads\/2024\/06\/cropped-TERRA-MAGICA1.png\",\"contentUrl\":\"https:\/\/terramagi.ca\/wp-content\/uploads\/2024\/06\/cropped-TERRA-MAGICA1.png\",\"width\":1078,\"height\":1079,\"caption\":\"Terra M\u00e1gica\"},\"image\":{\"@id\":\"https:\/\/terramagi.ca\/#\/schema\/logo\/image\/\"},\"sameAs\":[\"https:\/\/www.facebook.com\/organikway\"]}]}<\/script>\n<!-- \/ Yoast SEO plugin. -->","yoast_head_json":{"title":"Hongo Melena de Le\u00f3n - Terra M\u00e1gica","robots":{"index":"index","follow":"follow","max-snippet":"max-snippet:-1","max-image-preview":"max-image-preview:large","max-video-preview":"max-video-preview:-1"},"canonical":"https:\/\/terramagi.ca\/en\/product\/hongo-melena-de-leon\/","og_locale":"en_US","og_type":"article","og_title":"Hongo Melena de Le\u00f3n - Terra M\u00e1gica","og_description":"El hongo melena de le\u00f3n, cuyo nombre cient\u00edfico es Hericium erinaceus, ha sido un elemento clave en la medicina tradicional durante muchos siglos. Este hongo destaca por su apariencia \u00fanica, con espinas blancas que evocan la imagen de la melena de un le\u00f3n, lo que ha contribuido a su popularidad y uso extendido. M\u00e1s all\u00e1 ... Read more","og_url":"https:\/\/terramagi.ca\/en\/product\/hongo-melena-de-leon\/","og_site_name":"Terra M\u00e1gica","article_publisher":"https:\/\/www.facebook.com\/organikway","article_modified_time":"2025-02-27T18:40:10+00:00","og_image":[{"width":1080,"height":1080,"url":"https:\/\/terramagi.ca\/wp-content\/uploads\/2024\/08\/melenadeleon.jpg","type":"image\/jpeg"}],"twitter_card":"summary_large_image","twitter_misc":{"Est. reading time":"1 minute"},"schema":{"@context":"https:\/\/schema.org","@graph":[{"@type":"WebPage","@id":"https:\/\/terramagi.ca\/producto\/hongo-melena-de-leon\/","url":"https:\/\/terramagi.ca\/producto\/hongo-melena-de-leon\/","name":"Hongo Melena de Le\u00f3n - Terra M\u00e1gica","isPartOf":{"@id":"https:\/\/terramagi.ca\/#website"},"primaryImageOfPage":{"@id":"https:\/\/terramagi.ca\/producto\/hongo-melena-de-leon\/#primaryimage"},"image":{"@id":"https:\/\/terramagi.ca\/producto\/hongo-melena-de-leon\/#primaryimage"},"thumbnailUrl":"https:\/\/terramagi.ca\/wp-content\/uploads\/2024\/08\/melenadeleon.jpg","datePublished":"2024-08-31T22:01:50+00:00","dateModified":"2025-02-27T18:40:10+00:00","breadcrumb":{"@id":"https:\/\/terramagi.ca\/producto\/hongo-melena-de-leon\/#breadcrumb"},"inLanguage":"en-US","potentialAction":[{"@type":"ReadAction","target":["https:\/\/terramagi.ca\/producto\/hongo-melena-de-leon\/"]}]},{"@type":"ImageObject","inLanguage":"en-US","@id":"https:\/\/terramagi.ca\/producto\/hongo-melena-de-leon\/#primaryimage","url":"https:\/\/terramagi.ca\/wp-content\/uploads\/2024\/08\/melenadeleon.jpg","contentUrl":"https:\/\/terramagi.ca\/wp-content\/uploads\/2024\/08\/melenadeleon.jpg","width":1080,"height":1080},{"@type":"BreadcrumbList","@id":"https:\/\/terramagi.ca\/producto\/hongo-melena-de-leon\/#breadcrumb","itemListElement":[{"@type":"ListItem","position":1,"name":"Inicio","item":"https:\/\/terramagi.ca\/"},{"@type":"ListItem","position":2,"name":"Tienda","item":"https:\/\/terramagi.ca\/tienda\/"},{"@type":"ListItem","position":3,"name":"Hongo Melena de Le\u00f3n"}]},{"@type":"WebSite","@id":"https:\/\/terramagi.ca\/#website","url":"https:\/\/terramagi.ca\/","name":"Terra M\u00e1gica","description":"Hongos, Microgreens y Minerales","publisher":{"@id":"https:\/\/terramagi.ca\/#organization"},"potentialAction":[{"@type":"SearchAction","target":{"@type":"EntryPoint","urlTemplate":"https:\/\/terramagi.ca\/?s={search_term_string}"},"query-input":{"@type":"PropertyValueSpecification","valueRequired":true,"valueName":"search_term_string"}}],"inLanguage":"en-US"},{"@type":"Organization","@id":"https:\/\/terramagi.ca\/#organization","name":"Terra M\u00e1gica","url":"https:\/\/terramagi.ca\/","logo":{"@type":"ImageObject","inLanguage":"en-US","@id":"https:\/\/terramagi.ca\/#\/schema\/logo\/image\/","url":"https:\/\/terramagi.ca\/wp-content\/uploads\/2024\/06\/cropped-TERRA-MAGICA1.png","contentUrl":"https:\/\/terramagi.ca\/wp-content\/uploads\/2024\/06\/cropped-TERRA-MAGICA1.png","width":1078,"height":1079,"caption":"Terra M\u00e1gica"},"image":{"@id":"https:\/\/terramagi.ca\/#\/schema\/logo\/image\/"},"sameAs":["https:\/\/www.facebook.com\/organikway"]}]}},"jetpack_sharing_enabled":true,"_links":{"self":[{"href":"https:\/\/terramagi.ca\/en\/wp-json\/wp\/v2\/product\/863","targetHints":{"allow":["GET"]}}],"collection":[{"href":"https:\/\/terramagi.ca\/en\/wp-json\/wp\/v2\/product"}],"about":[{"href":"https:\/\/terramagi.ca\/en\/wp-json\/wp\/v2\/types\/product"}],"replies":[{"embeddable":true,"href":"https:\/\/terramagi.ca\/en\/wp-json\/wp\/v2\/comments?post=863"}],"wp:featuredmedia":[{"embeddable":true,"href":"https:\/\/terramagi.ca\/en\/wp-json\/wp\/v2\/media\/864"}],"wp:attachment":[{"href":"https:\/\/terramagi.ca\/en\/wp-json\/wp\/v2\/media?parent=863"}],"wp:term":[{"taxonomy":"product_brand","embeddable":true,"href":"https:\/\/terramagi.ca\/en\/wp-json\/wp\/v2\/product_brand?post=863"},{"taxonomy":"product_cat","embeddable":true,"href":"https:\/\/terramagi.ca\/en\/wp-json\/wp\/v2\/product_cat?post=863"},{"taxonomy":"product_tag","embeddable":true,"href":"https:\/\/terramagi.ca\/en\/wp-json\/wp\/v2\/product_tag?post=863"}],"curies":[{"name":"wp","href":"https:\/\/api.w.org\/{rel}","templated":true}]}}