{"id":592,"date":"2024-05-15T20:38:53","date_gmt":"2024-05-15T20:38:53","guid":{"rendered":"https:\/\/terramagi.ca\/?page_id=592"},"modified":"2024-05-15T20:38:54","modified_gmt":"2024-05-15T20:38:54","slug":"raiz-de-ashwagandha","status":"publish","type":"page","link":"https:\/\/terramagi.ca\/en\/raiz-de-ashwagandha\/","title":{"rendered":"Ra\u00edz de Ashwagandha"},"content":{"rendered":"<div class=\"gb-container gb-container-cba47ebe\">\n<div class=\"gb-container gb-container-e16d6031\">\n<figure class=\"wp-block-image size-large\"><img loading=\"lazy\" decoding=\"async\" width=\"779\" height=\"1024\" src=\"https:\/\/terramagi.ca\/wp-content\/uploads\/2024\/05\/Untitled-design-2-779x1024.png\" alt=\"\" class=\"wp-image-594\" srcset=\"https:\/\/terramagi.ca\/wp-content\/uploads\/2024\/05\/Untitled-design-2-779x1024.png 779w, https:\/\/terramagi.ca\/wp-content\/uploads\/2024\/05\/Untitled-design-2-228x300.png 228w, https:\/\/terramagi.ca\/wp-content\/uploads\/2024\/05\/Untitled-design-2-768x1010.png 768w, https:\/\/terramagi.ca\/wp-content\/uploads\/2024\/05\/Untitled-design-2.png 1080w\" sizes=\"auto, (max-width: 779px) 100vw, 779px\" \/><\/figure>\n<\/div>\n\n<div class=\"gb-container gb-container-7603a9ec\">\n<h3 class=\"gb-headline gb-headline-e894bb7b gb-headline-text\">ayuda al cuerpo a adaptarse al estr\u00e9S<\/h3>\n\n<h2 class=\"gb-headline gb-headline-8c3236cc gb-headline-text\">Ra\u00edz de Ashwagandha (Withania somnifera)<\/h2>\n\n<p>Es una hierba adaptog\u00e9nica venerada en la medicina ayurv\u00e9dica, utilizada durante m\u00e1s de 3,000 a\u00f1os para promover la salud y el bienestar. Originaria de la India, Oriente Medio y partes de \u00c1frica, Ashwagandha es conocida por su capacidad para ayudar al cuerpo a adaptarse al estr\u00e9s.<\/p>\n\n<p>Ashwagandha se valora por sus propiedades para reducir el estr\u00e9s y la ansiedad, mejorar la energ\u00eda y la resistencia, y apoyar la funci\u00f3n cognitiva. Adem\u00e1s, se ha estudiado por sus beneficios en la regulaci\u00f3n hormonal y el fortalecimiento del sistema inmunol\u00f3gico. Disponible en diversas formas como polvo, c\u00e1psulas y extractos, la ra\u00edz de Ashwagandha contin\u00faa ganando popularidad como un remedio natural para mejorar la salud y el equilibrio general del cuerpo.<\/p>\n<\/div>\n<\/div>","protected":false},"excerpt":{"rendered":"<p>ayuda al cuerpo a adaptarse al estr\u00e9S Ra\u00edz de Ashwagandha (Withania somnifera) Es una hierba adaptog\u00e9nica venerada en la medicina ayurv\u00e9dica, utilizada durante m\u00e1s de 3,000 a\u00f1os para promover la salud y el bienestar. Originaria de la India, Oriente Medio y partes de \u00c1frica, Ashwagandha es conocida por su capacidad para ayudar al cuerpo a &#8230; <a title=\"Ra\u00edz de Ashwagandha\" class=\"read-more\" href=\"https:\/\/terramagi.ca\/en\/raiz-de-ashwagandha\/\" aria-label=\"Read more about Ra\u00edz de Ashwagandha\">Read more<\/a><\/p>","protected":false},"author":1,"featured_media":0,"parent":0,"menu_order":0,"comment_status":"closed","ping_status":"closed","template":"","meta":{"footnotes":""},"class_list":["post-592","page","type-page","status-publish"],"yoast_head":"<!-- This site is optimized with the Yoast SEO plugin v24.5 - https:\/\/yoast.com\/wordpress\/plugins\/seo\/ -->\n<title>Ra\u00edz de Ashwagandha - Terra M\u00e1gica<\/title>\n<meta name=\"robots\" content=\"index, follow, max-snippet:-1, max-image-preview:large, max-video-preview:-1\" \/>\n<link rel=\"canonical\" href=\"https:\/\/terramagi.ca\/en\/raiz-de-ashwagandha\/\" \/>\n<meta property=\"og:locale\" content=\"en_US\" \/>\n<meta property=\"og:type\" content=\"article\" \/>\n<meta property=\"og:title\" content=\"Ra\u00edz de Ashwagandha - Terra M\u00e1gica\" \/>\n<meta property=\"og:description\" content=\"ayuda al cuerpo a adaptarse al estr\u00e9S Ra\u00edz de Ashwagandha (Withania somnifera) Es una hierba adaptog\u00e9nica venerada en la medicina ayurv\u00e9dica, utilizada durante m\u00e1s de 3,000 a\u00f1os para promover la salud y el bienestar. Originaria de la India, Oriente Medio y partes de \u00c1frica, Ashwagandha es conocida por su capacidad para ayudar al cuerpo a ... Read more\" \/>\n<meta property=\"og:url\" content=\"https:\/\/terramagi.ca\/en\/raiz-de-ashwagandha\/\" \/>\n<meta property=\"og:site_name\" content=\"Terra M\u00e1gica\" \/>\n<meta property=\"article:publisher\" content=\"https:\/\/www.facebook.com\/organikway\" \/>\n<meta property=\"article:modified_time\" content=\"2024-05-15T20:38:54+00:00\" \/>\n<meta property=\"og:image\" content=\"https:\/\/terramagi.ca\/wp-content\/uploads\/2024\/05\/Untitled-design-2-779x1024.png\" \/>\n<meta name=\"twitter:card\" content=\"summary_large_image\" \/>\n<meta name=\"twitter:label1\" content=\"Est. reading time\" \/>\n\t<meta name=\"twitter:data1\" content=\"1 minute\" \/>\n<script type=\"application\/ld+json\" class=\"yoast-schema-graph\">{\"@context\":\"https:\/\/schema.org\",\"@graph\":[{\"@type\":\"WebPage\",\"@id\":\"https:\/\/terramagi.ca\/raiz-de-ashwagandha\/\",\"url\":\"https:\/\/terramagi.ca\/raiz-de-ashwagandha\/\",\"name\":\"Ra\u00edz de Ashwagandha - Terra M\u00e1gica\",\"isPartOf\":{\"@id\":\"https:\/\/terramagi.ca\/#website\"},\"primaryImageOfPage\":{\"@id\":\"https:\/\/terramagi.ca\/raiz-de-ashwagandha\/#primaryimage\"},\"image\":{\"@id\":\"https:\/\/terramagi.ca\/raiz-de-ashwagandha\/#primaryimage\"},\"thumbnailUrl\":\"https:\/\/terramagi.ca\/wp-content\/uploads\/2024\/05\/Untitled-design-2-779x1024.png\",\"datePublished\":\"2024-05-15T20:38:53+00:00\",\"dateModified\":\"2024-05-15T20:38:54+00:00\",\"breadcrumb\":{\"@id\":\"https:\/\/terramagi.ca\/raiz-de-ashwagandha\/#breadcrumb\"},\"inLanguage\":\"en-US\",\"potentialAction\":[{\"@type\":\"ReadAction\",\"target\":[\"https:\/\/terramagi.ca\/raiz-de-ashwagandha\/\"]}]},{\"@type\":\"ImageObject\",\"inLanguage\":\"en-US\",\"@id\":\"https:\/\/terramagi.ca\/raiz-de-ashwagandha\/#primaryimage\",\"url\":\"https:\/\/terramagi.ca\/wp-content\/uploads\/2024\/05\/Untitled-design-2-779x1024.png\",\"contentUrl\":\"https:\/\/terramagi.ca\/wp-content\/uploads\/2024\/05\/Untitled-design-2-779x1024.png\"},{\"@type\":\"BreadcrumbList\",\"@id\":\"https:\/\/terramagi.ca\/raiz-de-ashwagandha\/#breadcrumb\",\"itemListElement\":[{\"@type\":\"ListItem\",\"position\":1,\"name\":\"Inicio\",\"item\":\"https:\/\/terramagi.ca\/\"},{\"@type\":\"ListItem\",\"position\":2,\"name\":\"Ra\u00edz de Ashwagandha\"}]},{\"@type\":\"WebSite\",\"@id\":\"https:\/\/terramagi.ca\/#website\",\"url\":\"https:\/\/terramagi.ca\/\",\"name\":\"Terra M\u00e1gica\",\"description\":\"Hongos, Microgreens y Minerales\",\"publisher\":{\"@id\":\"https:\/\/terramagi.ca\/#organization\"},\"potentialAction\":[{\"@type\":\"SearchAction\",\"target\":{\"@type\":\"EntryPoint\",\"urlTemplate\":\"https:\/\/terramagi.ca\/?s={search_term_string}\"},\"query-input\":{\"@type\":\"PropertyValueSpecification\",\"valueRequired\":true,\"valueName\":\"search_term_string\"}}],\"inLanguage\":\"en-US\"},{\"@type\":\"Organization\",\"@id\":\"https:\/\/terramagi.ca\/#organization\",\"name\":\"Terra M\u00e1gica\",\"url\":\"https:\/\/terramagi.ca\/\",\"logo\":{\"@type\":\"ImageObject\",\"inLanguage\":\"en-US\",\"@id\":\"https:\/\/terramagi.ca\/#\/schema\/logo\/image\/\",\"url\":\"https:\/\/terramagi.ca\/wp-content\/uploads\/2024\/06\/cropped-TERRA-MAGICA1.png\",\"contentUrl\":\"https:\/\/terramagi.ca\/wp-content\/uploads\/2024\/06\/cropped-TERRA-MAGICA1.png\",\"width\":1078,\"height\":1079,\"caption\":\"Terra M\u00e1gica\"},\"image\":{\"@id\":\"https:\/\/terramagi.ca\/#\/schema\/logo\/image\/\"},\"sameAs\":[\"https:\/\/www.facebook.com\/organikway\"]}]}<\/script>\n<!-- \/ Yoast SEO plugin. -->","yoast_head_json":{"title":"Ra\u00edz de Ashwagandha - Terra M\u00e1gica","robots":{"index":"index","follow":"follow","max-snippet":"max-snippet:-1","max-image-preview":"max-image-preview:large","max-video-preview":"max-video-preview:-1"},"canonical":"https:\/\/terramagi.ca\/en\/raiz-de-ashwagandha\/","og_locale":"en_US","og_type":"article","og_title":"Ra\u00edz de Ashwagandha - Terra M\u00e1gica","og_description":"ayuda al cuerpo a adaptarse al estr\u00e9S Ra\u00edz de Ashwagandha (Withania somnifera) Es una hierba adaptog\u00e9nica venerada en la medicina ayurv\u00e9dica, utilizada durante m\u00e1s de 3,000 a\u00f1os para promover la salud y el bienestar. Originaria de la India, Oriente Medio y partes de \u00c1frica, Ashwagandha es conocida por su capacidad para ayudar al cuerpo a ... Read more","og_url":"https:\/\/terramagi.ca\/en\/raiz-de-ashwagandha\/","og_site_name":"Terra M\u00e1gica","article_publisher":"https:\/\/www.facebook.com\/organikway","article_modified_time":"2024-05-15T20:38:54+00:00","og_image":[{"url":"https:\/\/terramagi.ca\/wp-content\/uploads\/2024\/05\/Untitled-design-2-779x1024.png","type":"","width":"","height":""}],"twitter_card":"summary_large_image","twitter_misc":{"Est. reading time":"1 minute"},"schema":{"@context":"https:\/\/schema.org","@graph":[{"@type":"WebPage","@id":"https:\/\/terramagi.ca\/raiz-de-ashwagandha\/","url":"https:\/\/terramagi.ca\/raiz-de-ashwagandha\/","name":"Ra\u00edz de Ashwagandha - Terra M\u00e1gica","isPartOf":{"@id":"https:\/\/terramagi.ca\/#website"},"primaryImageOfPage":{"@id":"https:\/\/terramagi.ca\/raiz-de-ashwagandha\/#primaryimage"},"image":{"@id":"https:\/\/terramagi.ca\/raiz-de-ashwagandha\/#primaryimage"},"thumbnailUrl":"https:\/\/terramagi.ca\/wp-content\/uploads\/2024\/05\/Untitled-design-2-779x1024.png","datePublished":"2024-05-15T20:38:53+00:00","dateModified":"2024-05-15T20:38:54+00:00","breadcrumb":{"@id":"https:\/\/terramagi.ca\/raiz-de-ashwagandha\/#breadcrumb"},"inLanguage":"en-US","potentialAction":[{"@type":"ReadAction","target":["https:\/\/terramagi.ca\/raiz-de-ashwagandha\/"]}]},{"@type":"ImageObject","inLanguage":"en-US","@id":"https:\/\/terramagi.ca\/raiz-de-ashwagandha\/#primaryimage","url":"https:\/\/terramagi.ca\/wp-content\/uploads\/2024\/05\/Untitled-design-2-779x1024.png","contentUrl":"https:\/\/terramagi.ca\/wp-content\/uploads\/2024\/05\/Untitled-design-2-779x1024.png"},{"@type":"BreadcrumbList","@id":"https:\/\/terramagi.ca\/raiz-de-ashwagandha\/#breadcrumb","itemListElement":[{"@type":"ListItem","position":1,"name":"Inicio","item":"https:\/\/terramagi.ca\/"},{"@type":"ListItem","position":2,"name":"Ra\u00edz de Ashwagandha"}]},{"@type":"WebSite","@id":"https:\/\/terramagi.ca\/#website","url":"https:\/\/terramagi.ca\/","name":"Terra M\u00e1gica","description":"Hongos, Microgreens y Minerales","publisher":{"@id":"https:\/\/terramagi.ca\/#organization"},"potentialAction":[{"@type":"SearchAction","target":{"@type":"EntryPoint","urlTemplate":"https:\/\/terramagi.ca\/?s={search_term_string}"},"query-input":{"@type":"PropertyValueSpecification","valueRequired":true,"valueName":"search_term_string"}}],"inLanguage":"en-US"},{"@type":"Organization","@id":"https:\/\/terramagi.ca\/#organization","name":"Terra M\u00e1gica","url":"https:\/\/terramagi.ca\/","logo":{"@type":"ImageObject","inLanguage":"en-US","@id":"https:\/\/terramagi.ca\/#\/schema\/logo\/image\/","url":"https:\/\/terramagi.ca\/wp-content\/uploads\/2024\/06\/cropped-TERRA-MAGICA1.png","contentUrl":"https:\/\/terramagi.ca\/wp-content\/uploads\/2024\/06\/cropped-TERRA-MAGICA1.png","width":1078,"height":1079,"caption":"Terra M\u00e1gica"},"image":{"@id":"https:\/\/terramagi.ca\/#\/schema\/logo\/image\/"},"sameAs":["https:\/\/www.facebook.com\/organikway"]}]}},"jetpack_sharing_enabled":true,"_links":{"self":[{"href":"https:\/\/terramagi.ca\/en\/wp-json\/wp\/v2\/pages\/592","targetHints":{"allow":["GET"]}}],"collection":[{"href":"https:\/\/terramagi.ca\/en\/wp-json\/wp\/v2\/pages"}],"about":[{"href":"https:\/\/terramagi.ca\/en\/wp-json\/wp\/v2\/types\/page"}],"author":[{"embeddable":true,"href":"https:\/\/terramagi.ca\/en\/wp-json\/wp\/v2\/users\/1"}],"replies":[{"embeddable":true,"href":"https:\/\/terramagi.ca\/en\/wp-json\/wp\/v2\/comments?post=592"}],"version-history":[{"count":1,"href":"https:\/\/terramagi.ca\/en\/wp-json\/wp\/v2\/pages\/592\/revisions"}],"predecessor-version":[{"id":595,"href":"https:\/\/terramagi.ca\/en\/wp-json\/wp\/v2\/pages\/592\/revisions\/595"}],"wp:attachment":[{"href":"https:\/\/terramagi.ca\/en\/wp-json\/wp\/v2\/media?parent=592"}],"curies":[{"name":"wp","href":"https:\/\/api.w.org\/{rel}","templated":true}]}}